{"id":37,"date":"2022-01-07T07:31:11","date_gmt":"2022-01-07T06:31:11","guid":{"rendered":"http:\/\/jitkaderler.com.pepe.koerbler.com\/?page_id=37"},"modified":"2025-07-25T13:12:04","modified_gmt":"2025-07-25T11:12:04","slug":"jitka","status":"publish","type":"page","link":"https:\/\/www.jitkaderler.com\/en\/","title":{"rendered":"FORMS"},"content":{"rendered":"<p>[et_pb_section fb_built=&#8220;1&#8243; _builder_version=&#8220;4.13.1&#8243; _module_preset=&#8220;default&#8220; global_colors_info=&#8220;{}&#8220;][et_pb_row _builder_version=&#8220;4.13.1&#8243; _module_preset=&#8220;default&#8220; custom_padding=&#8220;||4px|||&#8220; global_colors_info=&#8220;{}&#8220;][et_pb_column type=&#8220;4_4&#8243; _builder_version=&#8220;4.13.1&#8243; _module_preset=&#8220;default&#8220; global_colors_info=&#8220;{}&#8220;][et_pb_image src=&#8220;https:\/\/www.jitkaderler.com\/wp-content\/uploads\/2025\/07\/alle-vyraz.jpg&#8220; title_text=&#8220;alle vyraz&#8220; align=&#8220;center&#8220; _builder_version=&#8220;4.13.1&#8243; _module_preset=&#8220;default&#8220; width=&#8220;44%&#8220; width_tablet=&#8220;100%&#8220; width_phone=&#8220;100%&#8220; width_last_edited=&#8220;on|desktop&#8220; custom_margin=&#8220;||49px|||&#8220; animation_style=&#8220;fade&#8220; animation_duration=&#8220;1500ms&#8220; animation_delay=&#8220;250ms&#8220; global_colors_info=&#8220;{}&#8220;][\/et_pb_image][et_pb_text _builder_version=&#8220;4.13.1&#8243; _module_preset=&#8220;default&#8220; header_font=&#8220;Assistant|200|||||||&#8220; header_text_color=&#8220;#A5A495&#8243; header_2_font=&#8220;Assistant|200|||||||&#8220; header_2_text_color=&#8220;#5B4E42&#8243; header_2_font_size=&#8220;31px&#8220; animation_style=&#8220;fade&#8220; animation_duration=&#8220;1500ms&#8220; animation_delay=&#8220;250ms&#8220; header_2_font_size_tablet=&#8220;31px&#8220; header_2_font_size_phone=&#8220;29px&#8220; header_2_font_size_last_edited=&#8220;on|desktop&#8220; global_colors_info=&#8220;{}&#8220;]<\/p>\n<h1 style=\"text-align: center;\">DI Jitka Derler<\/h1>\n<h1 style=\"text-align: center;\"><strong>FORMS<\/strong><\/h1>\n<p>&nbsp;<\/p>\n<p>[\/et_pb_text][\/et_pb_column][\/et_pb_row][et_pb_row column_structure=&#8220;1_4,1_4,1_4,1_4&#8243; _builder_version=&#8220;4.13.1&#8243; _module_preset=&#8220;default&#8220; custom_padding=&#8220;115px|||||&#8220; global_colors_info=&#8220;{}&#8220;][et_pb_column type=&#8220;1_4&#8243; _builder_version=&#8220;4.13.1&#8243; _module_preset=&#8220;default&#8220; global_colors_info=&#8220;{}&#8220;][et_pb_image src=&#8220;https:\/\/www.jitkaderler.com\/wp-content\/uploads\/2025\/05\/3-VAASTU-700.jpg&#8220; title_text=&#8220;3 VAASTU 700&#8243; show_in_lightbox=&#8220;on&#8220; module_class=&#8220;et-zoom-in&#8220; _builder_version=&#8220;4.13.1&#8243; _module_preset=&#8220;default&#8220; global_colors_info=&#8220;{}&#8220;][\/et_pb_image][et_pb_text _builder_version=&#8220;4.13.1&#8243; _module_preset=&#8220;default&#8220; header_font=&#8220;Manjari||||||||&#8220; header_text_color=&#8220;rgba(183,167,100,0.65)&#8220; header_font_size=&#8220;55px&#8220; header_2_font=&#8220;Amita||||||||&#8220; header_3_font=&#8220;Assistant|300|||||||&#8220; header_3_text_color=&#8220;#5B4E42&#8243; header_3_line_height=&#8220;1.3em&#8220; header_4_font=&#8220;Assistant||||||||&#8220; header_4_text_color=&#8220;#5B4E42&#8243; header_4_font_size=&#8220;22px&#8220; header_4_line_height=&#8220;1.2em&#8220; custom_margin=&#8220;||-3px|||&#8220; custom_padding=&#8220;||16px|||&#8220; header_font_size_tablet=&#8220;31px&#8220; header_font_size_phone=&#8220;34px&#8220; header_font_size_last_edited=&#8220;on|tablet&#8220; header_3_font_size_tablet=&#8220;30px&#8220; header_3_font_size_phone=&#8220;25px&#8220; header_3_font_size_last_edited=&#8220;on|phone&#8220; global_colors_info=&#8220;{}&#8220;]<\/p>\n<h3 style=\"text-align: center;\"><strong>VAASTU CONSULTING<\/strong><\/h3>\n<h3 style=\"text-align: center;\">NATURWISSENSCHAFT<\/h3>\n<h3 style=\"text-align: center;\">DER ARCHITEKTUR<\/h3>\n<p style=\"text-align: center;\">[\/et_pb_text][et_pb_button button_url=&#8220;@ET-DC@eyJkeW5hbWljIjp0cnVlLCJjb250ZW50IjoicG9zdF9saW5rX3VybF9wYWdlIiwic2V0dGluZ3MiOnsicG9zdF9pZCI6Ijg5NiJ9fQ==@&#8220; button_text=&#8220;VAASTU CONSULTING&#8220; button_alignment=&#8220;center&#8220; _builder_version=&#8220;4.13.1&#8243; _dynamic_attributes=&#8220;button_url&#8220; _module_preset=&#8220;default&#8220; custom_button=&#8220;on&#8220; button_text_size=&#8220;20px&#8220; button_text_color=&#8220;#CEB454&#8243; button_font=&#8220;Assistant||||||||&#8220; button_use_icon=&#8220;off&#8220; global_colors_info=&#8220;{}&#8220; button_border_radius__hover_enabled=&#8220;on|hover&#8220; button_border_radius__hover=&#8220;44px&#8220; button_border_width__hover_enabled=&#8220;on|hover&#8220; button_border_width__hover=&#8220;2px&#8220; button_border_color__hover_enabled=&#8220;on|hover&#8220; button_border_color__hover=&#8220;#DBD37F&#8220; button_bg_color__hover_enabled=&#8220;on|hover&#8220; button_bg_color__hover=&#8220;#FFFFFF&#8220; button_bg_enable_color__hover=&#8220;on&#8220; button_text_color__hover_enabled=&#8220;on|hover&#8220; button_text_color__hover=&#8220;#DBD37F&#8220;][\/et_pb_button][et_pb_text _builder_version=&#8220;4.13.1&#8243; _module_preset=&#8220;default&#8220; header_font=&#8220;Manjari||||||||&#8220; header_text_color=&#8220;rgba(183,167,100,0.65)&#8220; header_font_size=&#8220;55px&#8220; header_2_font=&#8220;Amita||||||||&#8220; header_3_font=&#8220;Manjari||||||||&#8220; header_3_text_color=&#8220;rgba(183,167,100,0.65)&#8220; header_3_font_size=&#8220;30px&#8220; header_3_line_height=&#8220;1.3em&#8220; header_4_font=&#8220;Assistant|200|||||||&#8220; header_4_text_color=&#8220;#5B4E42&#8243; header_4_font_size=&#8220;22px&#8220; header_4_line_height=&#8220;1.2em&#8220; custom_margin=&#8220;||-3px|||&#8220; custom_padding=&#8220;||16px|||&#8220; header_font_size_tablet=&#8220;31px&#8220; header_font_size_phone=&#8220;34px&#8220; header_font_size_last_edited=&#8220;on|tablet&#8220; header_3_font_size_tablet=&#8220;30px&#8220; header_3_font_size_phone=&#8220;25px&#8220; header_3_font_size_last_edited=&#8220;on|phone&#8220; global_colors_info=&#8220;{}&#8220;]<\/p>\n<h4 style=\"text-align: center;\">\u00a0Ein erf\u00fclltes Leben dank Wohnen im Einklang mit der Natur<\/h4>\n<p style=\"text-align: center;\">[\/et_pb_text][et_pb_divider _builder_version=&#8220;4.13.1&#8243; _module_preset=&#8220;default&#8220; global_colors_info=&#8220;{}&#8220;][\/et_pb_divider][\/et_pb_column][et_pb_column type=&#8220;1_4&#8243; _builder_version=&#8220;4.13.1&#8243; _module_preset=&#8220;default&#8220; global_colors_info=&#8220;{}&#8220;][et_pb_image src=&#8220;https:\/\/www.jitkaderler.com\/wp-content\/uploads\/2025\/05\/4-grace-of-power-animals-Kopie-700.jpg&#8220; title_text=&#8220;4 grace of power animals Kopie 700&#8243; show_in_lightbox=&#8220;on&#8220; module_id=&#8220;et-zoom-in&#8220; module_class=&#8220;et-zoom-in&#8220; _builder_version=&#8220;4.13.1&#8243; _module_preset=&#8220;default&#8220; global_colors_info=&#8220;{}&#8220;][\/et_pb_image][et_pb_text _builder_version=&#8220;4.13.1&#8243; _module_preset=&#8220;default&#8220; header_font=&#8220;Manjari||||||||&#8220; header_text_color=&#8220;rgba(183,167,100,0.65)&#8220; header_font_size=&#8220;55px&#8220; header_2_font=&#8220;Amita||||||||&#8220; header_3_font=&#8220;Assistant|300|||||||&#8220; header_3_text_color=&#8220;#5B4E42&#8243; header_3_line_height=&#8220;1.3em&#8220; header_4_font=&#8220;Assistant||||||||&#8220; header_4_text_color=&#8220;#5B4E42&#8243; header_4_font_size=&#8220;22px&#8220; header_4_line_height=&#8220;1.2em&#8220; custom_margin=&#8220;||-3px|||&#8220; custom_padding=&#8220;||16px|||&#8220; header_font_size_tablet=&#8220;31px&#8220; header_font_size_phone=&#8220;34px&#8220; header_font_size_last_edited=&#8220;on|tablet&#8220; header_3_font_size_tablet=&#8220;30px&#8220; header_3_font_size_phone=&#8220;25px&#8220; header_3_font_size_last_edited=&#8220;on|phone&#8220; global_colors_info=&#8220;{}&#8220;]<\/p>\n<h3 style=\"text-align: center;\"><strong>POWER SCULPTURES<\/strong><\/h3>\n<h3 style=\"text-align: center;\">LEAD TO POSITIV<\/h3>\n<h3 style=\"text-align: center;\">CHANGES WITHIN PEOPLE<\/h3>\n<p style=\"text-align: center;\">[\/et_pb_text][et_pb_button button_url=&#8220;https:\/\/www.design12.at\/&#8220; button_text=&#8220;GRACE OF POWER ANIMALS&#8220; button_alignment=&#8220;center&#8220; _builder_version=&#8220;4.13.1&#8243; _module_preset=&#8220;default&#8220; custom_button=&#8220;on&#8220; button_text_size=&#8220;20px&#8220; button_text_color=&#8220;#CEB454&#8243; button_font=&#8220;Assistant||||||||&#8220; button_use_icon=&#8220;off&#8220; global_colors_info=&#8220;{}&#8220; button_border_radius__hover_enabled=&#8220;on|hover&#8220; button_border_radius__hover=&#8220;44px&#8220; button_border_width__hover_enabled=&#8220;on|hover&#8220; button_border_width__hover=&#8220;2px&#8220; button_border_color__hover_enabled=&#8220;on|hover&#8220; button_border_color__hover=&#8220;#DBD37F&#8220; button_bg_color__hover_enabled=&#8220;on|hover&#8220; button_bg_color__hover=&#8220;#FFFFFF&#8220; button_bg_enable_color__hover=&#8220;on&#8220; button_text_color__hover_enabled=&#8220;on|hover&#8220; button_text_color__hover=&#8220;#DBD37F&#8220;][\/et_pb_button][et_pb_text _builder_version=&#8220;4.13.1&#8243; _module_preset=&#8220;default&#8220; header_font=&#8220;Manjari||||||||&#8220; header_text_color=&#8220;rgba(183,167,100,0.65)&#8220; header_font_size=&#8220;55px&#8220; header_2_font=&#8220;Amita||||||||&#8220; header_3_font=&#8220;Manjari||||||||&#8220; header_3_text_color=&#8220;rgba(183,167,100,0.65)&#8220; header_3_font_size=&#8220;30px&#8220; header_3_line_height=&#8220;1.3em&#8220; header_4_font=&#8220;Assistant|200|||||||&#8220; header_4_text_color=&#8220;#5B4E42&#8243; header_4_font_size=&#8220;22px&#8220; header_4_line_height=&#8220;1.2em&#8220; custom_margin=&#8220;||-3px|||&#8220; custom_padding=&#8220;||16px|||&#8220; header_font_size_tablet=&#8220;31px&#8220; header_font_size_phone=&#8220;34px&#8220; header_font_size_last_edited=&#8220;on|tablet&#8220; header_3_font_size_tablet=&#8220;30px&#8220; header_3_font_size_phone=&#8220;25px&#8220; header_3_font_size_last_edited=&#8220;on|phone&#8220; global_colors_info=&#8220;{}&#8220;]<\/p>\n<h4 style=\"text-align: center;\">&#8222;Together we\u00b4re creating an inspiring space of support&#8220;<\/h4>\n<p style=\"text-align: center;\">[\/et_pb_text][et_pb_divider _builder_version=&#8220;4.13.1&#8243; _module_preset=&#8220;default&#8220; global_colors_info=&#8220;{}&#8220;][\/et_pb_divider][\/et_pb_column][et_pb_column type=&#8220;1_4&#8243; _builder_version=&#8220;4.13.1&#8243; _module_preset=&#8220;default&#8220; global_colors_info=&#8220;{}&#8220;][et_pb_image src=&#8220;https:\/\/www.jitkaderler.com\/wp-content\/uploads\/2025\/05\/1-erde-700.jpg&#8220; title_text=&#8220;1 erde 700&#8243; show_in_lightbox=&#8220;on&#8220; module_class=&#8220;et-zoom-in&#8220; _builder_version=&#8220;4.13.1&#8243; _module_preset=&#8220;default&#8220; global_colors_info=&#8220;{}&#8220;][\/et_pb_image][et_pb_text _builder_version=&#8220;4.13.1&#8243; _module_preset=&#8220;default&#8220; header_font=&#8220;Manjari||||||||&#8220; header_text_color=&#8220;rgba(183,167,100,0.65)&#8220; header_font_size=&#8220;55px&#8220; header_2_font=&#8220;Amita||||||||&#8220; header_3_font=&#8220;Assistant|300|||||||&#8220; header_3_text_color=&#8220;#5B4E42&#8243; header_3_line_height=&#8220;1.3em&#8220; header_4_font=&#8220;Assistant||||||||&#8220; header_4_text_color=&#8220;#5B4E42&#8243; header_4_font_size=&#8220;22px&#8220; header_4_line_height=&#8220;1.2em&#8220; custom_margin=&#8220;||-3px|||&#8220; custom_padding=&#8220;||16px|||&#8220; header_font_size_tablet=&#8220;31px&#8220; header_font_size_phone=&#8220;34px&#8220; header_font_size_last_edited=&#8220;on|tablet&#8220; header_3_font_size_tablet=&#8220;30px&#8220; header_3_font_size_phone=&#8220;25px&#8220; header_3_font_size_last_edited=&#8220;on|phone&#8220; global_colors_info=&#8220;{}&#8220;]<\/p>\n<h3 style=\"text-align: center;\"><strong>VEDISCHE QUELLEN<\/strong><\/h3>\n<h3 style=\"text-align: center;\">BIETEN GROSSARTIGE<\/h3>\n<h3 style=\"text-align: center;\">M\u00d6GLICHKEITEN<\/h3>\n<p style=\"text-align: center;\">[\/et_pb_text][et_pb_button button_url=&#8220;https:\/\/zurgabenquelle.at\/das-vedische-wissen\/&#8220; button_text=&#8220;VEDISCHES WISSEN BILDUNGSMODULE&#8220; button_alignment=&#8220;center&#8220; _builder_version=&#8220;4.13.1&#8243; _module_preset=&#8220;default&#8220; custom_button=&#8220;on&#8220; button_text_size=&#8220;20px&#8220; button_text_color=&#8220;#CEB454&#8243; button_font=&#8220;Assistant||||||||&#8220; button_use_icon=&#8220;off&#8220; global_colors_info=&#8220;{}&#8220; button_border_radius__hover_enabled=&#8220;on|hover&#8220; button_border_radius__hover=&#8220;44px&#8220; button_border_width__hover_enabled=&#8220;on|hover&#8220; button_border_width__hover=&#8220;2px&#8220; button_border_color__hover_enabled=&#8220;on|hover&#8220; button_border_color__hover=&#8220;#DBD37F&#8220; button_bg_color__hover_enabled=&#8220;on|hover&#8220; button_bg_color__hover=&#8220;#FFFFFF&#8220; button_bg_enable_color__hover=&#8220;on&#8220; button_text_color__hover_enabled=&#8220;on|hover&#8220; button_text_color__hover=&#8220;#DBD37F&#8220;][\/et_pb_button][et_pb_text _builder_version=&#8220;4.13.1&#8243; _module_preset=&#8220;default&#8220; header_font=&#8220;Manjari||||||||&#8220; header_text_color=&#8220;rgba(183,167,100,0.65)&#8220; header_font_size=&#8220;55px&#8220; header_2_font=&#8220;Amita||||||||&#8220; header_3_font=&#8220;Manjari||||||||&#8220; header_3_text_color=&#8220;rgba(183,167,100,0.65)&#8220; header_3_font_size=&#8220;30px&#8220; header_3_line_height=&#8220;1.3em&#8220; header_4_font=&#8220;Assistant|200|||||||&#8220; header_4_text_color=&#8220;#5B4E42&#8243; header_4_font_size=&#8220;22px&#8220; header_4_line_height=&#8220;1.2em&#8220; custom_margin=&#8220;||-3px|||&#8220; custom_padding=&#8220;||16px|||&#8220; header_font_size_tablet=&#8220;31px&#8220; header_font_size_phone=&#8220;34px&#8220; header_font_size_last_edited=&#8220;on|tablet&#8220; header_3_font_size_tablet=&#8220;30px&#8220; header_3_font_size_phone=&#8220;25px&#8220; header_3_font_size_last_edited=&#8220;on|phone&#8220; global_colors_info=&#8220;{}&#8220;]<\/p>\n<h4 style=\"text-align: center;\">&#8222;So kann ich diesem Planeten wirklich helfen&#8220; \/ Sri Kaleshwar<\/h4>\n<p style=\"text-align: center;\">[\/et_pb_text][et_pb_divider _builder_version=&#8220;4.13.1&#8243; _module_preset=&#8220;default&#8220; global_colors_info=&#8220;{}&#8220;][\/et_pb_divider][\/et_pb_column][et_pb_column type=&#8220;1_4&#8243; _builder_version=&#8220;4.13.1&#8243; _module_preset=&#8220;default&#8220; global_colors_info=&#8220;{}&#8220;][et_pb_image src=&#8220;https:\/\/www.jitkaderler.com\/wp-content\/uploads\/2025\/07\/portraitskulpturen.jpg&#8220; title_text=&#8220;portraitskulpturen&#8220; show_in_lightbox=&#8220;on&#8220; module_class=&#8220;et-zoom-in&#8220; _builder_version=&#8220;4.13.1&#8243; _module_preset=&#8220;default&#8220; global_colors_info=&#8220;{}&#8220;][\/et_pb_image][et_pb_text _builder_version=&#8220;4.13.1&#8243; _module_preset=&#8220;default&#8220; header_font=&#8220;Manjari||||||||&#8220; header_text_color=&#8220;rgba(183,167,100,0.65)&#8220; header_font_size=&#8220;55px&#8220; header_2_font=&#8220;Amita||||||||&#8220; header_3_font=&#8220;Assistant|300|||||||&#8220; header_3_text_color=&#8220;#5B4E42&#8243; header_3_line_height=&#8220;1.3em&#8220; header_4_font=&#8220;Assistant||||||||&#8220; header_4_text_color=&#8220;#5B4E42&#8243; header_4_font_size=&#8220;22px&#8220; header_4_line_height=&#8220;1.2em&#8220; custom_margin=&#8220;||-3px|||&#8220; custom_padding=&#8220;||16px|||&#8220; header_font_size_tablet=&#8220;31px&#8220; header_font_size_phone=&#8220;34px&#8220; header_font_size_last_edited=&#8220;on|tablet&#8220; header_3_font_size_tablet=&#8220;30px&#8220; header_3_font_size_phone=&#8220;25px&#8220; header_3_font_size_last_edited=&#8220;on|phone&#8220; global_colors_info=&#8220;{}&#8220;]<\/p>\n<h3 style=\"text-align: center;\"><strong>PORTRAITSKULPTUR<\/strong><\/h3>\n<h3 style=\"text-align: center;\">PORTRAITKUNST<\/h3>\n<h3 style=\"text-align: center;\">FORMGEBUNG<\/h3>\n<p style=\"text-align: center;\">[\/et_pb_text][et_pb_button button_url=&#8220;@ET-DC@eyJkeW5hbWljIjp0cnVlLCJjb250ZW50IjoicG9zdF9saW5rX3VybF9wYWdlIiwic2V0dGluZ3MiOnsicG9zdF9pZCI6IjM3MDMifX0=@&#8220; button_text=&#8220; PORTRAIT &#8211; ESSENZ IN FORM&#8220; button_alignment=&#8220;center&#8220; _builder_version=&#8220;4.13.1&#8243; _dynamic_attributes=&#8220;button_url&#8220; _module_preset=&#8220;default&#8220; custom_button=&#8220;on&#8220; button_text_size=&#8220;20px&#8220; button_text_color=&#8220;#CEB454&#8243; button_font=&#8220;Assistant||||||||&#8220; button_use_icon=&#8220;off&#8220; hover_enabled=&#8220;0&#8243; global_colors_info=&#8220;{}&#8220; button_border_radius__hover_enabled=&#8220;on|hover&#8220; button_border_radius__hover=&#8220;44px&#8220; button_border_width__hover_enabled=&#8220;on|hover&#8220; button_border_width__hover=&#8220;2px&#8220; button_border_color__hover_enabled=&#8220;on|hover&#8220; button_border_color__hover=&#8220;#DBD37F&#8220; button_bg_color__hover_enabled=&#8220;on|hover&#8220; button_bg_color__hover=&#8220;#FFFFFF&#8220; button_bg_enable_color__hover=&#8220;on&#8220; button_text_color__hover_enabled=&#8220;on|hover&#8220; button_text_color__hover=&#8220;#DBD37F&#8220; sticky_enabled=&#8220;0&#8243;][\/et_pb_button][et_pb_text _builder_version=&#8220;4.13.1&#8243; _module_preset=&#8220;default&#8220; header_font=&#8220;Manjari||||||||&#8220; header_text_color=&#8220;rgba(183,167,100,0.65)&#8220; header_font_size=&#8220;55px&#8220; header_2_font=&#8220;Amita||||||||&#8220; header_3_font=&#8220;Manjari||||||||&#8220; header_3_text_color=&#8220;rgba(183,167,100,0.65)&#8220; header_3_font_size=&#8220;30px&#8220; header_3_line_height=&#8220;1.3em&#8220; header_4_font=&#8220;Assistant|200|||||||&#8220; header_4_text_color=&#8220;#5B4E42&#8243; header_4_font_size=&#8220;22px&#8220; header_4_line_height=&#8220;1.2em&#8220; custom_margin=&#8220;||-3px|||&#8220; custom_padding=&#8220;||16px|||&#8220; header_font_size_tablet=&#8220;31px&#8220; header_font_size_phone=&#8220;34px&#8220; header_font_size_last_edited=&#8220;on|tablet&#8220; header_3_font_size_tablet=&#8220;30px&#8220; header_3_font_size_phone=&#8220;25px&#8220; header_3_font_size_last_edited=&#8220;on|phone&#8220; global_colors_info=&#8220;{}&#8220;]<\/p>\n<h4 style=\"text-align: center;\">Feiere die Gr\u00f6\u00dfe eines Menschen und lass seine Essenz f\u00fcr immer leuchten.<\/h4>\n<p>[\/et_pb_text][et_pb_divider _builder_version=&#8220;4.13.1&#8243; _module_preset=&#8220;default&#8220; global_colors_info=&#8220;{}&#8220;][\/et_pb_divider][\/et_pb_column][\/et_pb_row][\/et_pb_section][et_pb_section fb_built=&#8220;1&#8243; _builder_version=&#8220;4.13.1&#8243; _module_preset=&#8220;default&#8220; global_colors_info=&#8220;{}&#8220;][et_pb_row _builder_version=&#8220;4.13.1&#8243; _module_preset=&#8220;default&#8220; custom_padding=&#8220;11px|||||&#8220; global_colors_info=&#8220;{}&#8220;][et_pb_column type=&#8220;4_4&#8243; _builder_version=&#8220;4.13.1&#8243; _module_preset=&#8220;default&#8220; global_colors_info=&#8220;{}&#8220;][et_pb_image src=&#8220;https:\/\/www.jitkaderler.com\/wp-content\/uploads\/2023\/04\/r-p-p-1.jpg&#8220; title_text=&#8220;r p p h&#8220; align=&#8220;center&#8220; src_tablet=&#8220;https:\/\/www.jitkaderler.com\/wp-content\/uploads\/2023\/04\/r-p-p-1.jpg&#8220; src_phone=&#8220;https:\/\/www.jitkaderler.com\/wp-content\/uploads\/2023\/04\/r-p-p-h.jpg&#8220; src_last_edited=&#8220;on|phone&#8220; _builder_version=&#8220;4.13.1&#8243; _module_preset=&#8220;default&#8220; width=&#8220;43%&#8220; width_tablet=&#8220;60%&#8220; width_phone=&#8220;100%&#8220; width_last_edited=&#8220;on|phone&#8220; custom_padding=&#8220;||0px|||&#8220; scroll_blur=&#8220;0|40|60|100|50px|0px|0px&#8220; border_radii=&#8220;on|50px|50px|50px|50px&#8220; global_colors_info=&#8220;{}&#8220;][\/et_pb_image][et_pb_text _builder_version=&#8220;4.13.1&#8243; _module_preset=&#8220;default&#8220; header_font=&#8220;Amita||||||||&#8220; header_2_font=&#8220;Assistant|300|||||||&#8220; header_2_text_color=&#8220;#c4c4c4&#8243; header_2_font_size=&#8220;21px&#8220; custom_margin=&#8220;17px||74px|||&#8220; global_colors_info=&#8220;{}&#8220;]<\/p>\n<h2 style=\"text-align: right;\">Jitka L. Derler<\/h2>\n<p style=\"text-align: center;\">[\/et_pb_text][et_pb_text _builder_version=&#8220;4.13.1&#8243; _module_preset=&#8220;default&#8220; header_font=&#8220;Manjari||||||||&#8220; header_text_color=&#8220;rgba(183,167,100,0.65)&#8220; header_font_size=&#8220;55px&#8220; header_2_font=&#8220;Amita||||||||&#8220; header_3_font=&#8220;Manjari||||||||&#8220; header_3_text_color=&#8220;rgba(183,167,100,0.65)&#8220; header_3_font_size=&#8220;30px&#8220; header_3_line_height=&#8220;1.3em&#8220; header_4_font=&#8220;Assistant|300|||||||&#8220; header_4_text_color=&#8220;#CEB454&#8243; header_4_font_size=&#8220;22px&#8220; header_4_line_height=&#8220;1.2em&#8220; custom_margin=&#8220;||-3px|||&#8220; header_font_size_tablet=&#8220;31px&#8220; header_font_size_phone=&#8220;34px&#8220; header_font_size_last_edited=&#8220;on|tablet&#8220; header_3_font_size_tablet=&#8220;30px&#8220; header_3_font_size_phone=&#8220;25px&#8220; header_3_font_size_last_edited=&#8220;on|phone&#8220; global_colors_info=&#8220;{}&#8220;]<\/p>\n<h4 style=\"text-align: center;\">&#8222;Der Zutritt zu anderen Dimensionen ist somit m\u00f6glich. Die H\u00fcter geben den Weg frei in einen anderen Raum, wo Energie frei ist &#8211; ohne <span class=\"il\">Form &#8211;<\/span> reine Lichtenergie.&#8220;<\/h4>\n<p style=\"text-align: center;\">[\/et_pb_text][et_pb_text _builder_version=&#8220;4.13.1&#8243; _module_preset=&#8220;default&#8220; header_font=&#8220;Amita||||||||&#8220; header_2_font=&#8220;Assistant|300|||||||&#8220; header_2_text_color=&#8220;#c4c4c4&#8243; header_2_font_size=&#8220;21px&#8220; custom_margin=&#8220;17px||74px|||&#8220; global_colors_info=&#8220;{}&#8220;]<\/p>\n<h2 style=\"text-align: right;\">Maria SAIA<\/h2>\n<p style=\"text-align: center;\">[\/et_pb_text][et_pb_text _builder_version=&#8220;4.13.1&#8243; _module_preset=&#8220;default&#8220; header_font=&#8220;Manjari||||||||&#8220; header_text_color=&#8220;rgba(183,167,100,0.65)&#8220; header_font_size=&#8220;55px&#8220; header_2_font=&#8220;Amita||||||||&#8220; header_3_font=&#8220;Manjari||||||||&#8220; header_3_text_color=&#8220;rgba(183,167,100,0.65)&#8220; header_3_font_size=&#8220;30px&#8220; header_3_line_height=&#8220;1.3em&#8220; header_4_font=&#8220;Manjari|100|||||||&#8220; header_4_text_color=&#8220;#CEB454&#8243; header_4_font_size=&#8220;22px&#8220; header_4_line_height=&#8220;1.2em&#8220; custom_margin=&#8220;||-3px|||&#8220; header_font_size_tablet=&#8220;31px&#8220; header_font_size_phone=&#8220;34px&#8220; header_font_size_last_edited=&#8220;on|tablet&#8220; header_3_font_size_tablet=&#8220;30px&#8220; header_3_font_size_phone=&#8220;25px&#8220; header_3_font_size_last_edited=&#8220;on|phone&#8220; global_colors_info=&#8220;{}&#8220;]<\/p>\n<h4 style=\"text-align: center;\">&#8222;Never lose your inspiration.&#8220;<\/h4>\n<p style=\"text-align: center;\">[\/et_pb_text][et_pb_text _builder_version=&#8220;4.13.1&#8243; _module_preset=&#8220;default&#8220; header_font=&#8220;Amita||||||||&#8220; header_2_font=&#8220;Assistant|300|||||||&#8220; header_2_text_color=&#8220;#c4c4c4&#8243; header_2_font_size=&#8220;21px&#8220; custom_margin=&#8220;17px||-1px|||&#8220; global_colors_info=&#8220;{}&#8220;]<\/p>\n<h2 style=\"text-align: right;\">Sri KALESHWAR<\/h2>\n<p>[\/et_pb_text][\/et_pb_column][\/et_pb_row][\/et_pb_section][et_pb_section fb_built=&#8220;1&#8243; fullwidth=&#8220;on&#8220; _builder_version=&#8220;4.13.1&#8243; _module_preset=&#8220;default&#8220; global_colors_info=&#8220;{}&#8220;][et_pb_fullwidth_header text_orientation=&#8220;center&#8220; header_fullscreen=&#8220;on&#8220; image_orientation=&#8220;bottom&#8220; _builder_version=&#8220;4.13.1&#8243; _module_preset=&#8220;default&#8220; title_font=&#8220;Bellota||||||||&#8220; background_color=&#8220;RGBA(0,0,0,0)&#8220; background_image=&#8220;https:\/\/www.jitkaderler.com\/wp-content\/uploads\/2022\/03\/WHERE-ARE-YOU-PC2-liebe-ff-licht-1.jpg&#8220; custom_margin=&#8220;0px||||false|false&#8220; custom_padding=&#8220;0px||||false|false&#8220; background_last_edited=&#8220;on|phone&#8220; background_image_phone=&#8220;https:\/\/www.jitkaderler.com\/wp-content\/uploads\/2023\/04\/gm-tor.jpg&#8220; background_enable_image_phone=&#8220;on&#8220; global_colors_info=&#8220;{}&#8220;][\/et_pb_fullwidth_header][\/et_pb_section]<\/p>","protected":false},"excerpt":{"rendered":"<p>DI Jitka Derler FORMS &nbsp;VAASTU CONSULTING NATURWISSENSCHAFT DER ARCHITEKTUR \u00a0Ein erf\u00fclltes Leben dank Wohnen im Einklang mit der Natur POWER SCULPTURES LEAD TO POSITIV CHANGES WITHIN PEOPLE &#8222;Together we\u00b4re creating an inspiring space of support&#8220; VEDISCHE QUELLEN BIETEN GROSSARTIGE M\u00d6GLICHKEITEN &#8222;So kann ich diesem Planeten wirklich helfen&#8220; \/ Sri Kaleshwar PORTRAITSKULPTUR PORTRAITKUNST FORMGEBUNG Feiere die [&hellip;]<\/p>","protected":false},"author":1,"featured_media":0,"parent":0,"menu_order":0,"comment_status":"closed","ping_status":"closed","template":"","meta":{"_et_pb_use_builder":"on","_et_pb_old_content":"","_et_gb_content_width":"","footnotes":""},"class_list":["post-37","page","type-page","status-publish","hentry"],"_links":{"self":[{"href":"https:\/\/www.jitkaderler.com\/en\/wp-json\/wp\/v2\/pages\/37","targetHints":{"allow":["GET"]}}],"collection":[{"href":"https:\/\/www.jitkaderler.com\/en\/wp-json\/wp\/v2\/pages"}],"about":[{"href":"https:\/\/www.jitkaderler.com\/en\/wp-json\/wp\/v2\/types\/page"}],"author":[{"embeddable":true,"href":"https:\/\/www.jitkaderler.com\/en\/wp-json\/wp\/v2\/users\/1"}],"replies":[{"embeddable":true,"href":"https:\/\/www.jitkaderler.com\/en\/wp-json\/wp\/v2\/comments?post=37"}],"version-history":[{"count":130,"href":"https:\/\/www.jitkaderler.com\/en\/wp-json\/wp\/v2\/pages\/37\/revisions"}],"predecessor-version":[{"id":3789,"href":"https:\/\/www.jitkaderler.com\/en\/wp-json\/wp\/v2\/pages\/37\/revisions\/3789"}],"wp:attachment":[{"href":"https:\/\/www.jitkaderler.com\/en\/wp-json\/wp\/v2\/media?parent=37"}],"curies":[{"name":"wp","href":"https:\/\/api.w.org\/{rel}","templated":true}]}}