{"id":3703,"date":"2025-05-24T13:51:07","date_gmt":"2025-05-24T11:51:07","guid":{"rendered":"https:\/\/www.jitkaderler.com\/?page_id=3703"},"modified":"2025-07-27T00:10:40","modified_gmt":"2025-07-26T22:10:40","slug":"portrait-sculpture","status":"publish","type":"page","link":"https:\/\/www.jitkaderler.com\/en\/portrait-sculpture\/","title":{"rendered":"PORTRAIT SCULPTURE"},"content":{"rendered":"[et_pb_section fb_built=&#8220;1&#8243; fullwidth=&#8220;on&#8220; _builder_version=&#8220;4.13.1&#8243; _module_preset=&#8220;default&#8220; global_colors_info=&#8220;{}&#8220;][et_pb_fullwidth_header title=&#8220;portrait &#8220; subhead=&#8220;sculpture&#8220; header_fullscreen=&#8220;on&#8220; button_one_text=&#8220;TIMELESS IN BRONZE&#8220; button_one_url=&#8220;@ET-DC@eyJkeW5hbWljIjp0cnVlLCJjb250ZW50IjoicG9zdF9saW5rX3VybF9wYWdlIiwic2V0dGluZ3MiOnsicG9zdF9pZCI6IjExOSJ9fQ==@&#8220; button_two_text=&#8220;UNIQUE IN GLAS&#8220; button_two_url=&#8220;@ET-DC@eyJkeW5hbWljIjp0cnVlLCJjb250ZW50IjoicG9zdF9saW5rX3VybF9wYWdlIiwic2V0dGluZ3MiOnsicG9zdF9pZCI6IjExNSJ9fQ==@&#8220; _builder_version=&#8220;4.13.1&#8243; _dynamic_attributes=&#8220;button_one_url,button_two_url&#8220; _module_preset=&#8220;default&#8220; title_text_color=&#8220;#5B4E42&#8243; content_text_color=&#8220;#A5A495&#8243; content_font_size=&#8220;18px&#8220; subhead_text_color=&#8220;#5B4E42&#8243; subhead_font_size=&#8220;30px&#8220; background_color=&#8220;RGBA(0,0,0,0)&#8220; background_image=&#8220;https:\/\/www.jitkaderler.com\/wp-content\/uploads\/2025\/07\/hp-breit.jpg&#8220; custom_button_one=&#8220;on&#8220; button_one_bg_color=&#8220;#FFFFFF&#8220; button_one_border_radius=&#8220;50px&#8220; custom_button_two=&#8220;on&#8220; button_two_bg_color=&#8220;#FFFFFF&#8220; button_two_border_radius=&#8220;50px&#8220; background_layout=&#8220;light&#8220; content_font_size_tablet=&#8220;18px&#8220; content_font_size_phone=&#8220;18px&#8220; content_font_size_last_edited=&#8220;on|desktop&#8220; content_line_height_tablet=&#8220;&#8220; content_line_height_phone=&#8220;&#8220; content_line_height_last_edited=&#8220;on|desktop&#8220; background_last_edited=&#8220;on|phone&#8220; background_image_phone=&#8220;https:\/\/www.jitkaderler.com\/wp-content\/uploads\/2025\/07\/hh22-2.jpg&#8220; background_enable_image_phone=&#8220;on&#8220; global_colors_info=&#8220;{}&#8220; button_two_bg_color__hover_enabled=&#8220;on|desktop&#8220; button_one_bg_color__hover_enabled=&#8220;on|hover&#8220; button_one_bg_color__hover=&#8220;#FFFFFF&#8220; button_one_bg_enable_color__hover=&#8220;on&#8220; button_two_bg_color__hover=&#8220;#FFFFFF&#8220;]<h3><\/h3>\n<h3><\/h3>\n<p>Celebrate<\/p>\n<p>the greatness<\/p>\n<p>of a person<\/p>\n<p>and allow<\/p>\n<p>their essence<\/p>\n<p>to shine forever<\/p>\n<p>&nbsp;<\/p>\n<p>Feiere die Gr\u00f6\u00dfe<\/p>\n<p>eines Menschen<\/p>\n<p>und lass<\/p>\n<p>seine Essenz<\/p>\n<p>f\u00fcr immer leuchten<\/p>[\/et_pb_fullwidth_header][\/et_pb_section][et_pb_section fb_built=&#8220;1&#8243; _builder_version=&#8220;4.13.1&#8243; _module_preset=&#8220;default&#8220; background_image=&#8220;https:\/\/www.jitkaderler.com\/wp-content\/uploads\/2025\/07\/om-namo-baba.jpg&#8220; parallax=&#8220;on&#8220; custom_padding=&#8220;||93px|||&#8220; background_last_edited=&#8220;on|phone&#8220; background_image_tablet=&#8220;https:\/\/www.jitkaderler.com\/wp-content\/uploads\/2025\/07\/tablet-hp.jpg&#8220; background_image_phone=&#8220;https:\/\/www.jitkaderler.com\/wp-content\/uploads\/2025\/07\/om-namo-baba2-1.jpg&#8220; background_enable_image_tablet=&#8220;on&#8220; background_enable_image_phone=&#8220;on&#8220; global_colors_info=&#8220;{}&#8220;][et_pb_row _builder_version=&#8220;4.13.1&#8243; _module_preset=&#8220;default&#8220; custom_margin=&#8220;|||120px|false|false&#8220; custom_margin_tablet=&#8220;|||60px|false|false&#8220; custom_margin_phone=&#8220;|||40px|false|false&#8220; custom_margin_last_edited=&#8220;on|desktop&#8220; custom_padding=&#8220;65px||7px|||&#8220; global_colors_info=&#8220;{}&#8220;][et_pb_column type=&#8220;4_4&#8243; _builder_version=&#8220;4.13.1&#8243; _module_preset=&#8220;default&#8220; global_colors_info=&#8220;{}&#8220;][et_pb_button button_url=&#8220;@ET-DC@eyJkeW5hbWljIjp0cnVlLCJjb250ZW50IjoicG9zdF9saW5rX3VybF9wYWdlIiwic2V0dGluZ3MiOnsicG9zdF9pZCI6IjExOSJ9fQ==@&#8220; button_text=&#8220;ZEITLOS IN BRONZE&#8220; button_alignment=&#8220;left&#8220; _builder_version=&#8220;4.13.1&#8243; _dynamic_attributes=&#8220;button_url&#8220; _module_preset=&#8220;default&#8220; custom_button=&#8220;on&#8220; button_text_color=&#8220;#FFFFFF&#8220; button_border_radius=&#8220;500px&#8220; global_colors_info=&#8220;{}&#8220;][\/et_pb_button][et_pb_button button_url=&#8220;@ET-DC@eyJkeW5hbWljIjp0cnVlLCJjb250ZW50IjoicG9zdF9saW5rX3VybF9wYWdlIiwic2V0dGluZ3MiOnsicG9zdF9pZCI6IjExNSJ9fQ==@&#8220; button_text=&#8220;EINZIGARTIG IN GLAS&#8220; button_alignment=&#8220;left&#8220; _builder_version=&#8220;4.13.1&#8243; _dynamic_attributes=&#8220;button_url&#8220; _module_preset=&#8220;default&#8220; custom_button=&#8220;on&#8220; button_text_color=&#8220;#FFFFFF&#8220; button_border_radius=&#8220;500px&#8220; global_colors_info=&#8220;{}&#8220;][\/et_pb_button][\/et_pb_column][\/et_pb_row][et_pb_row column_structure=&#8220;1_2,1_2&#8243; _builder_version=&#8220;4.13.1&#8243; _module_preset=&#8220;default&#8220; custom_margin=&#8220;|||120px|false|false&#8220; custom_margin_tablet=&#8220;|||120px|false|false&#8220; custom_margin_phone=&#8220;|||40px|false|false&#8220; custom_margin_last_edited=&#8220;on|desktop&#8220; custom_padding=&#8220;53px||0px|||&#8220; global_colors_info=&#8220;{}&#8220;][et_pb_column type=&#8220;1_2&#8243; _builder_version=&#8220;4.13.1&#8243; _module_preset=&#8220;default&#8220; global_colors_info=&#8220;{}&#8220;][et_pb_text _builder_version=&#8220;4.13.1&#8243; _module_preset=&#8220;default&#8220; header_text_color=&#8220;#FFFFFF&#8220; header_3_text_color=&#8220;#FFFFFF&#8220; header_3_line_height=&#8220;1.3em&#8220; custom_padding=&#8220;||16px|||&#8220; header_3_font_size_tablet=&#8220;&#8220; header_3_font_size_phone=&#8220;20px&#8220; header_3_font_size_last_edited=&#8220;on|phone&#8220; header_3_line_height_tablet=&#8220;1.3em&#8220; header_3_line_height_phone=&#8220;1.1em&#8220; header_3_line_height_last_edited=&#8220;on|phone&#8220; global_colors_info=&#8220;{}&#8220;]<h3><span>Kunst<\/span><\/h3>\n<h3><span>und Handwerk<\/span><\/h3>\n<h3><span>in vielen<\/span><\/h3>\n<h3><span>Facetten,<\/span><\/h3>\n<h3><span>die im<\/span><\/h3>\n<h3><span>Hintergrund<\/span><\/h3>\n<h3><span>wirken.<\/span><\/h3>[\/et_pb_text][\/et_pb_column][et_pb_column type=&#8220;1_2&#8243; _builder_version=&#8220;4.13.1&#8243; _module_preset=&#8220;default&#8220; global_colors_info=&#8220;{}&#8220;][\/et_pb_column][\/et_pb_row][et_pb_row _builder_version=&#8220;4.13.1&#8243; _module_preset=&#8220;default&#8220; custom_margin=&#8220;|||120px|false|false&#8220; custom_margin_tablet=&#8220;|||60px|false|false&#8220; custom_margin_phone=&#8220;|||40px|false|false&#8220; custom_margin_last_edited=&#8220;on|desktop&#8220; custom_padding=&#8220;0px||0px|||&#8220; global_colors_info=&#8220;{}&#8220;][et_pb_column type=&#8220;4_4&#8243; _builder_version=&#8220;4.13.1&#8243; _module_preset=&#8220;default&#8220; global_colors_info=&#8220;{}&#8220;][et_pb_button button_url=&#8220;@ET-DC@eyJkeW5hbWljIjp0cnVlLCJjb250ZW50IjoicG9zdF9saW5rX3VybF9wYWdlIiwic2V0dGluZ3MiOnsicG9zdF9pZCI6IjEyNiJ9fQ==@&#8220; button_text=&#8220;TON&#8220; button_alignment=&#8220;left&#8220; _builder_version=&#8220;4.13.1&#8243; _dynamic_attributes=&#8220;button_url&#8220; _module_preset=&#8220;default&#8220; custom_button=&#8220;on&#8220; button_text_color=&#8220;#FFFFFF&#8220; button_border_radius=&#8220;500px&#8220; global_colors_info=&#8220;{}&#8220;][\/et_pb_button][et_pb_button button_url=&#8220;@ET-DC@eyJkeW5hbWljIjp0cnVlLCJjb250ZW50IjoicG9zdF9saW5rX3VybF9wYWdlIiwic2V0dGluZ3MiOnsicG9zdF9pZCI6IjEzMCJ9fQ==@&#8220; button_text=&#8220;WACHS&#8220; button_alignment=&#8220;left&#8220; _builder_version=&#8220;4.13.1&#8243; _dynamic_attributes=&#8220;button_url&#8220; _module_preset=&#8220;default&#8220; custom_button=&#8220;on&#8220; button_text_color=&#8220;#FFFFFF&#8220; button_border_radius=&#8220;500px&#8220; global_colors_info=&#8220;{}&#8220;][\/et_pb_button][et_pb_button button_url=&#8220;@ET-DC@eyJkeW5hbWljIjp0cnVlLCJjb250ZW50IjoicG9zdF9saW5rX3VybF9wYWdlIiwic2V0dGluZ3MiOnsicG9zdF9pZCI6IjEwNSJ9fQ==@&#8220; button_text=&#8220;HANDZEICHNUNG&#8220; button_alignment=&#8220;left&#8220; _builder_version=&#8220;4.13.1&#8243; _dynamic_attributes=&#8220;button_url&#8220; _module_preset=&#8220;default&#8220; custom_button=&#8220;on&#8220; button_text_color=&#8220;#FFFFFF&#8220; button_border_radius=&#8220;500px&#8220; global_colors_info=&#8220;{}&#8220;][\/et_pb_button][et_pb_button button_url=&#8220;@ET-DC@eyJkeW5hbWljIjp0cnVlLCJjb250ZW50IjoicG9zdF9saW5rX3VybF9wYWdlIiwic2V0dGluZ3MiOnsicG9zdF9pZCI6IjY3OCJ9fQ==@&#8220; button_text=&#8220;\u00d6LMALEREI&#8220; button_alignment=&#8220;left&#8220; _builder_version=&#8220;4.13.1&#8243; _dynamic_attributes=&#8220;button_url&#8220; _module_preset=&#8220;default&#8220; custom_button=&#8220;on&#8220; button_text_color=&#8220;#FFFFFF&#8220; button_border_radius=&#8220;500px&#8220; global_colors_info=&#8220;{}&#8220;][\/et_pb_button][et_pb_button button_url=&#8220;@ET-DC@eyJkeW5hbWljIjp0cnVlLCJjb250ZW50IjoicG9zdF9saW5rX3VybF9wYWdlIiwic2V0dGluZ3MiOnsicG9zdF9pZCI6IjI4ODYifX0=@&#8220; button_text=&#8220;DIGITALE FORMGEBUNG&#8220; _builder_version=&#8220;4.13.1&#8243; _dynamic_attributes=&#8220;button_url&#8220; _module_preset=&#8220;default&#8220; custom_button=&#8220;on&#8220; button_text_color=&#8220;#FFFFFF&#8220; button_border_radius=&#8220;500px&#8220; global_colors_info=&#8220;{}&#8220;][\/et_pb_button][\/et_pb_column][\/et_pb_row][\/et_pb_section][et_pb_section fb_built=&#8220;1&#8243; fullwidth=&#8220;on&#8220; _builder_version=&#8220;4.13.1&#8243; _module_preset=&#8220;default&#8220; custom_margin=&#8220;30px||||false|false&#8220; global_colors_info=&#8220;{}&#8220;][et_pb_fullwidth_header text_orientation=&#8220;center&#8220; header_fullscreen=&#8220;on&#8220; _builder_version=&#8220;4.13.1&#8243; _module_preset=&#8220;default&#8220; title_text_color=&#8220;gcid-5e25d8f5-b6b5-40b4-b9ce-0a69f0b47584&#8243; content_text_color=&#8220;#A5A495&#8243; content_font_size=&#8220;17px&#8220; subhead_text_color=&#8220;#5B4E42&#8243; subhead_font_size=&#8220;30px&#8220; background_color=&#8220;RGBA(0,0,0,0)&#8220; background_image=&#8220;https:\/\/www.jitkaderler.com\/wp-content\/uploads\/2025\/07\/j-j.jpg&#8220; parallax=&#8220;on&#8220; custom_button_one=&#8220;on&#8220; button_one_bg_color=&#8220;#FFFFFF&#8220; button_one_border_radius=&#8220;50px&#8220; custom_button_two=&#8220;on&#8220; button_two_bg_color=&#8220;#FFFFFF&#8220; button_two_border_radius=&#8220;50px&#8220; background_layout=&#8220;light&#8220; custom_margin_tablet=&#8220;&#8220; custom_margin_phone=&#8220;&#8220; custom_margin_last_edited=&#8220;on|desktop&#8220; hover_enabled=&#8220;0&#8243; background_last_edited=&#8220;on|phone&#8220; background_image_tablet=&#8220;https:\/\/www.jitkaderler.com\/wp-content\/uploads\/2025\/07\/tablet-jj.jpg&#8220; background_image_phone=&#8220;https:\/\/www.jitkaderler.com\/wp-content\/uploads\/2025\/07\/handy-jitka-1.jpg&#8220; background_enable_image_tablet=&#8220;on&#8220; background_enable_image_phone=&#8220;on&#8220; global_colors_info=&#8220;{%22gcid-5e25d8f5-b6b5-40b4-b9ce-0a69f0b47584%22:%91%22title_text_color%22%93}&#8220; button_two_bg_color__hover_enabled=&#8220;on|desktop&#8220; button_one_bg_color__hover_enabled=&#8220;on|hover&#8220; button_one_bg_color__hover=&#8220;#FFFFFF&#8220; button_one_bg_enable_color__hover=&#8220;on&#8220; button_two_bg_color__hover=&#8220;#FFFFFF&#8220; sticky_enabled=&#8220;0&#8243;]<p>&nbsp;<\/p>\n<p>&nbsp;<\/p>\n<p>&nbsp;<\/p>\n<p>&nbsp;<\/p>\n<p>&nbsp;<\/p>\n<p>&nbsp;<\/p>\n<p>&nbsp;<\/p>\n<p>&nbsp;<\/p>\n<p>&nbsp;<\/p>\n<p>&nbsp;<\/p>\n<p>&nbsp;<\/p>\n<p>&nbsp;<\/p>\n<p>&nbsp;<\/p>\n<p>&nbsp;<\/p>\n<p>&nbsp;<\/p>\n<p>&nbsp;<\/p>\n<p>&nbsp;<\/p>\n<p>&nbsp;<\/p>\n<p>&nbsp;<\/p>\n<h3>hand-formed<\/h3>\n<h3>by jitka derler<\/h3>\n<p>&nbsp;<\/p>\n<blockquote>\n<h4 style=\"text-align: left;\">I only need photos or videos to feel the form and expression<\/h4>\n<\/blockquote>\n<h4><\/h4>\n<blockquote>\n<h4 style=\"text-align: left;\">Ich brauche nur Fotos oder Videos,<br \/>um die Form und den Ausdruck wahrzunehmen<\/h4>\n<\/blockquote>\n<h4><\/h4>[\/et_pb_fullwidth_header][\/et_pb_section][et_pb_section fb_built=&#8220;1&#8243; fullwidth=&#8220;on&#8220; _builder_version=&#8220;4.13.1&#8243; _module_preset=&#8220;default&#8220; custom_margin=&#8220;30px||||false|false&#8220; global_colors_info=&#8220;{}&#8220;][et_pb_fullwidth_header text_orientation=&#8220;center&#8220; _builder_version=&#8220;4.13.1&#8243; _module_preset=&#8220;default&#8220; title_text_color=&#8220;gcid-5e25d8f5-b6b5-40b4-b9ce-0a69f0b47584&#8243; content_text_color=&#8220;#A5A495&#8243; content_font_size=&#8220;21px&#8220; content_line_height=&#8220;1.8em&#8220; subhead_text_color=&#8220;#5B4E42&#8243; subhead_font_size=&#8220;30px&#8220; background_color=&#8220;#FFFFFF&#8220; background_enable_image=&#8220;off&#8220; parallax=&#8220;on&#8220; custom_button_one=&#8220;on&#8220; button_one_bg_color=&#8220;#FFFFFF&#8220; button_one_border_radius=&#8220;50px&#8220; custom_button_two=&#8220;on&#8220; button_two_bg_color=&#8220;#FFFFFF&#8220; button_two_border_radius=&#8220;50px&#8220; background_layout=&#8220;light&#8220; custom_margin_tablet=&#8220;&#8220; custom_margin_phone=&#8220;&#8220; custom_margin_last_edited=&#8220;on|desktop&#8220; background_last_edited=&#8220;off|desktop&#8220; background_image_tablet=&#8220;https:\/\/www.jitkaderler.com\/wp-content\/uploads\/2025\/07\/tablet-jj.jpg&#8220; background_image_phone=&#8220;https:\/\/www.jitkaderler.com\/wp-content\/uploads\/2025\/07\/handy-jitka-1.jpg&#8220; background_enable_image_tablet=&#8220;on&#8220; background_enable_image_phone=&#8220;on&#8220; global_colors_info=&#8220;{%22gcid-5e25d8f5-b6b5-40b4-b9ce-0a69f0b47584%22:%91%22title_text_color%22%93}&#8220; button_two_bg_color__hover_enabled=&#8220;on|desktop&#8220; button_one_bg_color__hover_enabled=&#8220;on|hover&#8220; button_one_bg_color__hover=&#8220;#FFFFFF&#8220; button_one_bg_enable_color__hover=&#8220;on&#8220; button_two_bg_color__hover=&#8220;#FFFFFF&#8220;]<p>from \u20ac4,500<br \/>worldwide delivery<\/p>\n<p>&nbsp;<\/p>\n<p>&nbsp;<\/p>\n<p>Ab 4.500\u20ac<br \/>Lieferung weltweit<\/p>\n<p>&nbsp;<\/p>[\/et_pb_fullwidth_header][\/et_pb_section]","protected":false},"excerpt":{"rendered":"<p>Celebrate the greatness of a person and allow their essence to shine forever &nbsp; Feiere die Gr\u00f6\u00dfe eines Menschen und lass seine Essenz f\u00fcr immer leuchtenKunst und Handwerk in vielen Facetten, die im Hintergrund wirken.&nbsp; &nbsp; &nbsp; &nbsp; &nbsp; &nbsp; &nbsp; &nbsp; &nbsp; &nbsp; &nbsp; &nbsp; &nbsp; &nbsp; &nbsp; &nbsp; &nbsp; &nbsp; &nbsp; hand-formed by [&hellip;]<\/p>","protected":false},"author":1,"featured_media":3780,"parent":0,"menu_order":0,"comment_status":"closed","ping_status":"closed","template":"","meta":{"_et_pb_use_builder":"on","_et_pb_old_content":"","_et_gb_content_width":"","footnotes":""},"class_list":["post-3703","page","type-page","status-publish","has-post-thumbnail","hentry"],"_links":{"self":[{"href":"https:\/\/www.jitkaderler.com\/en\/wp-json\/wp\/v2\/pages\/3703","targetHints":{"allow":["GET"]}}],"collection":[{"href":"https:\/\/www.jitkaderler.com\/en\/wp-json\/wp\/v2\/pages"}],"about":[{"href":"https:\/\/www.jitkaderler.com\/en\/wp-json\/wp\/v2\/types\/page"}],"author":[{"embeddable":true,"href":"https:\/\/www.jitkaderler.com\/en\/wp-json\/wp\/v2\/users\/1"}],"replies":[{"embeddable":true,"href":"https:\/\/www.jitkaderler.com\/en\/wp-json\/wp\/v2\/comments?post=3703"}],"version-history":[{"count":94,"href":"https:\/\/www.jitkaderler.com\/en\/wp-json\/wp\/v2\/pages\/3703\/revisions"}],"predecessor-version":[{"id":3939,"href":"https:\/\/www.jitkaderler.com\/en\/wp-json\/wp\/v2\/pages\/3703\/revisions\/3939"}],"wp:featuredmedia":[{"embeddable":true,"href":"https:\/\/www.jitkaderler.com\/en\/wp-json\/wp\/v2\/media\/3780"}],"wp:attachment":[{"href":"https:\/\/www.jitkaderler.com\/en\/wp-json\/wp\/v2\/media?parent=3703"}],"curies":[{"name":"wp","href":"https:\/\/api.w.org\/{rel}","templated":true}]}}