{"id":896,"date":"2022-01-21T08:35:26","date_gmt":"2022-01-21T07:35:26","guid":{"rendered":"https:\/\/www.jitkaderler.com\/?page_id=896"},"modified":"2025-06-02T10:39:20","modified_gmt":"2025-06-02T08:39:20","slug":"vaastu","status":"publish","type":"page","link":"https:\/\/www.jitkaderler.com\/en\/vaastu\/","title":{"rendered":"VAASTU IN DER ARCHITEKTUR"},"content":{"rendered":"<p>[et_pb_section fb_built=&#8220;1&#8243; theme_builder_area=&#8220;post_content&#8220; _builder_version=&#8220;4.13.1&#8243; _module_preset=&#8220;default&#8220;][et_pb_row _builder_version=&#8220;4.13.1&#8243; _module_preset=&#8220;default&#8220; theme_builder_area=&#8220;post_content&#8220; column_structure=&#8220;1_3,1_3,1_3&#8243;][et_pb_column _builder_version=&#8220;4.13.1&#8243; _module_preset=&#8220;default&#8220; type=&#8220;1_3&#8243; theme_builder_area=&#8220;post_content&#8220;][\/et_pb_column][et_pb_column _builder_version=&#8220;4.13.1&#8243; _module_preset=&#8220;default&#8220; type=&#8220;1_3&#8243; theme_builder_area=&#8220;post_content&#8220;][et_pb_text _builder_version=&#8220;4.13.1&#8243; _module_preset=&#8220;default&#8220; header_text_color=&#8220;#5B4E42&#8243; header_font_size=&#8220;50px&#8220; header_letter_spacing=&#8220;3px&#8220; hover_enabled=&#8220;0&#8243; header_font_size_tablet=&#8220;50px&#8220; header_font_size_phone=&#8220;37px&#8220; header_font_size_last_edited=&#8220;on|tablet&#8220; header_letter_spacing_tablet=&#8220;3px&#8220; header_letter_spacing_phone=&#8220;4px&#8220; header_letter_spacing_last_edited=&#8220;on|desktop&#8220; global_colors_info=&#8220;{}&#8220; sticky_enabled=&#8220;0&#8243; theme_builder_area=&#8220;post_content&#8220; custom_padding=&#8220;||0px|||&#8220; custom_margin=&#8220;||-1px|||&#8220;]<\/p>\n<h1 style=\"text-align: center;\">VAASTU<\/h1>\n<h1 style=\"text-align: center;\">CONSULTING<\/h1>\n<p>&nbsp;<\/p>\n<p>[\/et_pb_text][et_pb_text _builder_version=&#8220;4.13.1&#8243; _module_preset=&#8220;default&#8220; theme_builder_area=&#8220;post_content&#8220; hover_enabled=&#8220;0&#8243; sticky_enabled=&#8220;0&#8243; header_3_line_height=&#8220;1.4em&#8220; header_3_text_color=&#8220;#A5A495&#8243; header_3_font_size=&#8220;23px&#8220;]<\/p>\n<h3 style=\"text-align: center;\"><span>DI JITKA DERLER<\/span><\/h3>\n<p>[\/et_pb_text][et_pb_image src=&#8220;https:\/\/www.jitkaderler.com\/wp-content\/uploads\/2025\/06\/VAASTU-CONSULTING-HP.jpg&#8220; _builder_version=&#8220;4.13.1&#8243; _module_preset=&#8220;default&#8220; theme_builder_area=&#8220;post_content&#8220; title_text=&#8220;VAASTU CONSULTING HP&#8220; align=&#8220;center&#8220; width_last_edited=&#8220;on|tablet&#8220; width=&#8220;88%&#8220; hover_enabled=&#8220;0&#8243; sticky_enabled=&#8220;0&#8243; width_phone=&#8220;99%&#8220; width_tablet=&#8220;88%&#8220;][\/et_pb_image][et_pb_text _builder_version=&#8220;4.13.1&#8243; _module_preset=&#8220;default&#8220; theme_builder_area=&#8220;post_content&#8220; hover_enabled=&#8220;0&#8243; sticky_enabled=&#8220;0&#8243; header_3_line_height=&#8220;1.4em&#8220; custom_margin=&#8220;26px|||||&#8220; header_3_text_color=&#8220;#5B4E42&#8243;]<\/p>\n<h3 style=\"text-align: center;\"><strong>NATURWISSENSCHAFT DER ARCHITEKTUR<\/strong><\/h3>\n<p>[\/et_pb_text][et_pb_text _builder_version=&#8220;4.13.1&#8243; _module_preset=&#8220;default&#8220; theme_builder_area=&#8220;post_content&#8220; hover_enabled=&#8220;0&#8243; sticky_enabled=&#8220;0&#8243; header_3_line_height=&#8220;1.4em&#8220; custom_margin=&#8220;26px|||||&#8220; header_3_text_color=&#8220;#A5A495&#8243;]<\/p>\n<h3 style=\"text-align: center;\"><span>EIN ERF\u00dcLLTES LEBEN DANK BAUEN UND WOHNEN IM EINKLANG MIT DER NATUR<\/span><\/h3>\n<p>[\/et_pb_text][et_pb_text _builder_version=&#8220;4.13.1&#8243; _module_preset=&#8220;default&#8220; theme_builder_area=&#8220;post_content&#8220; hover_enabled=&#8220;0&#8243; sticky_enabled=&#8220;0&#8243; header_3_line_height=&#8220;1.4em&#8220; custom_margin=&#8220;26px|||||&#8220;]<\/p>\n<h3 style=\"text-align: center;\"><span>Die richtige Platzierung und Gestaltung von Geb\u00e4uden und Grundst\u00fccken im Einklang mit den Naturgesetzen der f\u00fcnf Elemente.<\/span><\/h3>\n<p>[\/et_pb_text][\/et_pb_column][et_pb_column _builder_version=&#8220;4.13.1&#8243; _module_preset=&#8220;default&#8220; type=&#8220;1_3&#8243; theme_builder_area=&#8220;post_content&#8220;][\/et_pb_column][\/et_pb_row][\/et_pb_section][et_pb_section fb_built=&#8220;1&#8243; _builder_version=&#8220;4.13.1&#8243; _module_preset=&#8220;default&#8220; background_image=&#8220;https:\/\/www.jitkaderler.com\/wp-content\/uploads\/2025\/05\/ausschnitt-see-hp.jpg&#8220; hover_enabled=&#8220;0&#8243; global_colors_info=&#8220;{}&#8220; sticky_enabled=&#8220;0&#8243;][et_pb_row _builder_version=&#8220;4.13.1&#8243; _module_preset=&#8220;default&#8220; custom_padding=&#8220;122px|||||&#8220; global_colors_info=&#8220;{}&#8220;][et_pb_column type=&#8220;4_4&#8243; _builder_version=&#8220;4.13.1&#8243; _module_preset=&#8220;default&#8220; global_colors_info=&#8220;{}&#8220;][et_pb_text _builder_version=&#8220;4.13.1&#8243; _module_preset=&#8220;default&#8220; header_3_font=&#8220;|300|||||||&#8220; header_3_text_color=&#8220;#FFFFFF&#8220; header_3_font_size=&#8220;23px&#8220; header_3_line_height=&#8220;1.9em&#8220; custom_margin=&#8220;-1px||-1px|||&#8220; custom_padding=&#8220;7px||31px|||&#8220; header_3_font_size_tablet=&#8220;29px&#8220; header_3_font_size_phone=&#8220;25px&#8220; header_3_font_size_last_edited=&#8220;on|phone&#8220; header_3_line_height_tablet=&#8220;1.9em&#8220; header_3_line_height_phone=&#8220;1em&#8220; header_3_line_height_last_edited=&#8220;on|phone&#8220; global_colors_info=&#8220;{}&#8220;]<\/p>\n<h3 style=\"text-align: center;\"><span>DIE WIRKUNG<\/span><\/h3>\n<h3 style=\"text-align: center;\"><span>VON VAASTU<\/span><span><\/span><\/h3>\n<h3 style=\"text-align: center;\"><span>TRIFFT UNS DIREKT.<\/span><\/h3>\n<h3 style=\"text-align: center;\"><span>Wir k\u00f6nnen<\/span><\/h3>\n<h3 style=\"text-align: center;\"><span>NICHT AUSWEICHEN.<\/span><\/h3>\n<h3 style=\"text-align: center;\"><span>Wie wir BAUEN<\/span><\/h3>\n<h3 style=\"text-align: center;\"><span>und WOHEN \u2013 <\/span><\/h3>\n<h3 style=\"text-align: center;\"><span>welche FORMEN<\/span><\/h3>\n<h3 style=\"text-align: center;\"><span>DER NATUR<\/span><\/h3>\n<h3 style=\"text-align: center;\"><span>uns umgeben<\/span><\/h3>\n<h3 style=\"text-align: center;\"><span>und WIE \u2013 <\/span><\/h3>\n<h3 style=\"text-align: center;\"><span>das hat direkten und<\/span><\/h3>\n<h3 style=\"text-align: center;\"><span>\u00a0KOMPROMISSLOSEN<\/span><\/h3>\n<h3 style=\"text-align: center;\"><span>Einfluss auf<\/span><\/h3>\n<h3 style=\"text-align: center;\"><span>UNSER LEBEN.<\/span><\/h3>\n<h3 style=\"text-align: center;\"><span> Wir leben in der<\/span><\/h3>\n<h3 style=\"text-align: center;\"><span>NATUR DER 5 ELEMENTE<\/span><\/h3>\n<h3 style=\"text-align: center;\"><span>und sie hat<\/span><\/h3>\n<h3 style=\"text-align: center;\"><span>IHRE GESETZE. <\/span><\/h3>\n<p>[\/et_pb_text][\/et_pb_column][\/et_pb_row][\/et_pb_section][et_pb_section fb_built=&#8220;1&#8243; _builder_version=&#8220;4.13.1&#8243; _module_preset=&#8220;default&#8220; background_enable_image=&#8220;off&#8220; custom_padding=&#8220;18px|||||&#8220; global_colors_info=&#8220;{}&#8220;][et_pb_row _builder_version=&#8220;4.13.1&#8243; _module_preset=&#8220;default&#8220; custom_padding=&#8220;15px|||||&#8220; global_colors_info=&#8220;{}&#8220;][et_pb_column type=&#8220;4_4&#8243; _builder_version=&#8220;4.13.1&#8243; _module_preset=&#8220;default&#8220; global_colors_info=&#8220;{}&#8220;][et_pb_image src=&#8220;https:\/\/www.jitkaderler.com\/wp-content\/uploads\/2025\/05\/PUNKTE.jpg&#8220; title_text=&#8220;indesign logo mit text.indd&#8220; align=&#8220;center&#8220; _builder_version=&#8220;4.13.1&#8243; _module_preset=&#8220;default&#8220; custom_margin=&#8220;-22px||3px|||&#8220; global_colors_info=&#8220;{}&#8220;][\/et_pb_image][et_pb_image src=&#8220;https:\/\/www.jitkaderler.com\/wp-content\/uploads\/2025\/05\/vaastu-linga-foto.jpg&#8220; title_text=&#8220;vaastu linga foto&#8220; align=&#8220;center&#8220; _builder_version=&#8220;4.13.1&#8243; _module_preset=&#8220;default&#8220; width=&#8220;25%&#8220; width_tablet=&#8220;47%&#8220; width_phone=&#8220;89%&#8220; width_last_edited=&#8220;on|phone&#8220; max_width=&#8220;100%&#8220; custom_margin=&#8220;13px||54px|||&#8220; border_radii=&#8220;on|500px|500px|500px|500px&#8220; global_colors_info=&#8220;{}&#8220;][\/et_pb_image][et_pb_button button_url=&#8220;mailto:info@jitkaderler.com&#8220; url_new_window=&#8220;on&#8220; button_text=&#8220;info@jitkaderler.com&#8220; button_alignment=&#8220;center&#8220; _builder_version=&#8220;4.13.1&#8243; _module_preset=&#8220;default&#8220; custom_button=&#8220;on&#8220; button_text_size=&#8220;25px&#8220; button_text_color=&#8220;#A5A495&#8243; button_border_radius=&#8220;55px&#8220; button_font=&#8220;|300|||||||&#8220; button_icon=&#8220;&#xe076;||divi||400&#8243; global_colors_info=&#8220;{}&#8220; button_bg_color__hover_enabled=&#8220;on|hover&#8220; button_border_radius__hover_enabled=&#8220;on|hover&#8220; button_border_radius__hover=&#8220;50px&#8220;][\/et_pb_button][et_pb_button button_url=&#8220;tel:00436645736462&#8243; url_new_window=&#8220;on&#8220; button_text=&#8220;0664 573 64 62&#8243; button_alignment=&#8220;center&#8220; _builder_version=&#8220;4.13.1&#8243; _module_preset=&#8220;default&#8220; custom_button=&#8220;on&#8220; button_text_size=&#8220;25px&#8220; button_text_color=&#8220;#A5A495&#8243; button_border_radius=&#8220;55px&#8220; button_font=&#8220;|300|||||||&#8220; button_icon=&#8220;&#xf879;||fa||900&#8243; custom_margin=&#8220;||33px|||&#8220; global_colors_info=&#8220;{}&#8220; button_bg_color__hover_enabled=&#8220;on|hover&#8220; button_border_radius__hover_enabled=&#8220;on|hover&#8220; button_border_radius__hover=&#8220;50px&#8220;][\/et_pb_button][\/et_pb_column][\/et_pb_row][\/et_pb_section][et_pb_section fb_built=&#8220;1&#8243; _builder_version=&#8220;4.13.1&#8243; _module_preset=&#8220;default&#8220; custom_margin=&#8220;85px|||||&#8220; global_colors_info=&#8220;{}&#8220;][et_pb_row _builder_version=&#8220;4.13.1&#8243; _module_preset=&#8220;default&#8220; custom_padding=&#8220;53px|||||&#8220; global_colors_info=&#8220;{}&#8220;][et_pb_column type=&#8220;4_4&#8243; _builder_version=&#8220;4.13.1&#8243; _module_preset=&#8220;default&#8220; global_colors_info=&#8220;{}&#8220;][et_pb_text _builder_version=&#8220;4.13.1&#8243; _module_preset=&#8220;default&#8220; header_3_text_color=&#8220;#5B4E42&#8243; header_3_line_height=&#8220;1.3em&#8220; custom_margin=&#8220;||38px|||&#8220; custom_padding=&#8220;||0px|||&#8220; global_colors_info=&#8220;{}&#8220;]<\/p>\n<h3 style=\"text-align: center;\"><span>3D-Architekturplanung<\/span><\/h3>\n<h3 style=\"text-align: center;\"><strong>DIGITALE FORMGEBUNG UND PLANUNG<\/strong><\/h3>\n<h3 style=\"text-align: center;\"><span>Realisation und Projekte <\/span><span>(2013 bis 2022)<\/span><\/h3>\n<p><span><\/span><\/p>\n<p>[\/et_pb_text][et_pb_button button_url=&#8220;https:\/\/www.3derler.com\/realisation\/&#8220; url_new_window=&#8220;on&#8220; button_text=&#8220;REALISATION&#8220; button_alignment=&#8220;center&#8220; _builder_version=&#8220;4.13.1&#8243; _module_preset=&#8220;default&#8220; custom_button=&#8220;on&#8220; button_text_size=&#8220;27px&#8220; button_border_radius=&#8220;50px&#8220; button_font=&#8220;||||||||&#8220; button_use_icon=&#8220;off&#8220; global_colors_info=&#8220;{}&#8220; button_text_color__hover_enabled=&#8220;on|hover&#8220; button_text_color__hover=&#8220;#A5A495&#8243;][\/et_pb_button][et_pb_button button_url=&#8220;https:\/\/www.3derler.com\/fotorealistische-visualisierung\/&#8220; url_new_window=&#8220;on&#8220; button_text=&#8220;VISUALISIEURUNG&#8220; button_alignment=&#8220;center&#8220; _builder_version=&#8220;4.13.1&#8243; _module_preset=&#8220;default&#8220; custom_button=&#8220;on&#8220; button_text_size=&#8220;27px&#8220; button_border_radius=&#8220;50px&#8220; button_font=&#8220;||||||||&#8220; button_use_icon=&#8220;off&#8220; global_colors_info=&#8220;{}&#8220; button_text_color__hover_enabled=&#8220;on|hover&#8220; button_text_color__hover=&#8220;#A5A495&#8243;][\/et_pb_button][et_pb_button button_url=&#8220;https:\/\/www.3derler.com\/animation\/&#8220; url_new_window=&#8220;on&#8220; button_text=&#8220;3D ANIMATION&#8220; button_alignment=&#8220;center&#8220; _builder_version=&#8220;4.13.1&#8243; _module_preset=&#8220;default&#8220; custom_button=&#8220;on&#8220; button_text_size=&#8220;27px&#8220; button_border_radius=&#8220;50px&#8220; button_font=&#8220;||||||||&#8220; button_use_icon=&#8220;off&#8220; custom_margin=&#8220;||61px|||&#8220; global_colors_info=&#8220;{}&#8220; button_text_color__hover_enabled=&#8220;on|hover&#8220; button_text_color__hover=&#8220;#A5A495&#8243;][\/et_pb_button][et_pb_gallery gallery_ids=&#8220;2875,2876,2878,2869,2864,2865,2860,2861,2862,2866,2877,2868,2870,2871,2863,2874,2872,2873&#8243; posts_number=&#8220;16&#8243; show_title_and_caption=&#8220;off&#8220; show_pagination=&#8220;off&#8220; _builder_version=&#8220;4.13.1&#8243; _module_preset=&#8220;default&#8220; animation_style=&#8220;fold&#8220; border_radii_image=&#8220;on|9px|9px|9px|9px&#8220; box_shadow_style_image=&#8220;preset2&#8243; box_shadow_color_image=&#8220;#A5A495&#8243; global_colors_info=&#8220;{}&#8220;][\/et_pb_gallery][\/et_pb_column][\/et_pb_row][\/et_pb_section][et_pb_section fb_built=&#8220;1&#8243; fullwidth=&#8220;on&#8220; _builder_version=&#8220;4.13.1&#8243; _module_preset=&#8220;default&#8220; global_colors_info=&#8220;{}&#8220;][et_pb_fullwidth_header text_orientation=&#8220;center&#8220; header_fullscreen=&#8220;on&#8220; logo_image_url=&#8220;https:\/\/www.jitkaderler.com\/wp-content\/uploads\/2022\/03\/logo-big.png&#8220; _builder_version=&#8220;4.13.1&#8243; _module_preset=&#8220;default&#8220; title_font=&#8220;Biryani||||||||&#8220; title_text_align=&#8220;center&#8220; title_text_color=&#8220;#ffffff&#8220; title_line_height=&#8220;1.4em&#8220; content_font=&#8220;Manjari||||||||&#8220; content_text_align=&#8220;center&#8220; content_font_size=&#8220;51px&#8220; content_line_height=&#8220;1em&#8220; background_color=&#8220;rgba(54,90,99,0)&#8220; background_image=&#8220;https:\/\/www.jitkaderler.com\/wp-content\/uploads\/2022\/02\/innenhof-jitka.jpg&#8220; animation_style=&#8220;fade&#8220; title_font_size_tablet=&#8220;27px&#8220; title_font_size_phone=&#8220;25px&#8220; title_font_size_last_edited=&#8220;on|desktop&#8220; title_line_height_last_edited=&#8220;off|phone&#8220; content_font_size_tablet=&#8220;51px&#8220; content_font_size_phone=&#8220;34px&#8220; content_font_size_last_edited=&#8220;on|desktop&#8220; content_line_height_tablet=&#8220;1em&#8220; content_line_height_phone=&#8220;1.3em&#8220; content_line_height_last_edited=&#8220;on|phone&#8220; background_last_edited=&#8220;on|phone&#8220; background_image_phone=&#8220;https:\/\/www.jitkaderler.com\/wp-content\/uploads\/2022\/02\/3d-handy-1.jpg&#8220; background_enable_image_phone=&#8220;on&#8220; title_text_shadow_style=&#8220;preset1&#8243; content_text_shadow_style=&#8220;preset1&#8243; global_colors_info=&#8220;{}&#8220;][\/et_pb_fullwidth_header][\/et_pb_section]<\/p>","protected":false},"excerpt":{"rendered":"<p>VAASTU CONSULTING &nbsp;DI JITKA DERLERNATURWISSENSCHAFT DER ARCHITEKTUREIN ERF\u00dcLLTES LEBEN DANK BAUEN UND WOHNEN IM EINKLANG MIT DER NATURDie richtige Platzierung und Gestaltung von Geb\u00e4uden und Grundst\u00fccken im Einklang mit den Naturgesetzen der f\u00fcnf Elemente.DIE WIRKUNG VON VAASTU TRIFFT UNS DIREKT. Wir k\u00f6nnen NICHT AUSWEICHEN. Wie wir BAUEN und WOHEN \u2013 welche FORMEN DER NATUR uns [&hellip;]<\/p>","protected":false},"author":1,"featured_media":0,"parent":0,"menu_order":0,"comment_status":"closed","ping_status":"closed","template":"","meta":{"_et_pb_use_builder":"on","_et_pb_old_content":"","_et_gb_content_width":"","footnotes":""},"class_list":["post-896","page","type-page","status-publish","hentry"],"_links":{"self":[{"href":"https:\/\/www.jitkaderler.com\/en\/wp-json\/wp\/v2\/pages\/896","targetHints":{"allow":["GET"]}}],"collection":[{"href":"https:\/\/www.jitkaderler.com\/en\/wp-json\/wp\/v2\/pages"}],"about":[{"href":"https:\/\/www.jitkaderler.com\/en\/wp-json\/wp\/v2\/types\/page"}],"author":[{"embeddable":true,"href":"https:\/\/www.jitkaderler.com\/en\/wp-json\/wp\/v2\/users\/1"}],"replies":[{"embeddable":true,"href":"https:\/\/www.jitkaderler.com\/en\/wp-json\/wp\/v2\/comments?post=896"}],"version-history":[{"count":52,"href":"https:\/\/www.jitkaderler.com\/en\/wp-json\/wp\/v2\/pages\/896\/revisions"}],"predecessor-version":[{"id":3776,"href":"https:\/\/www.jitkaderler.com\/en\/wp-json\/wp\/v2\/pages\/896\/revisions\/3776"}],"wp:attachment":[{"href":"https:\/\/www.jitkaderler.com\/en\/wp-json\/wp\/v2\/media?parent=896"}],"curies":[{"name":"wp","href":"https:\/\/api.w.org\/{rel}","templated":true}]}}